{"id":96,"date":"2016-01-22T18:17:07","date_gmt":"2016-01-22T17:17:07","guid":{"rendered":"http:\/\/www.rzpitrybarzowice.fc.pl\/?page_id=96"},"modified":"2017-06-14T19:48:13","modified_gmt":"2017-06-14T18:48:13","slug":"galeria","status":"publish","type":"page","link":"https:\/\/www.rzpitrybarzowice.fc.pl\/?page_id=96","title":{"rendered":"Galeria"},"content":{"rendered":"<h4><strong>Galeria zdj\u0119\u0107 zespo\u0142u podczas r\u00f3\u017cnych wydarze\u0144. Zapraszamy do ogl\u0105dania!<\/strong><\/h4>\n<p>Wi\u0119cej aktualnych zdj\u0119\u0107 znajduje si\u0119 na <a href=\"https:\/\/pl-pl.facebook.com\/Regionalny-Zesp%C3%B3%C5%82-Pie%C5%9Bni-i-Ta%C5%84ca-Rybarzowice-150202371782343\/\">Facebooku<\/a>.<\/p>\n<ul>\n<li><a href=\"http:\/\/www.rzpitrybarzowice.fc.pl\/?page_id=770\">\u015awiatowe Dni M\u0142odzie\u017cy w Rybarzowicach 23.07.2016<\/a><\/li>\n<li><a href=\"http:\/\/www.rzpitrybarzowice.fc.pl\/?page_id=702\">Spotkania Folklorystyczne Bestwina 28.05.2016<\/a><\/li>\n<li><a href=\"http:\/\/www.rzpitrybarzowice.fc.pl\/?page_id=641\">Bo\u017ce Cia\u0142o 26.05.2016<\/a><\/li>\n<li><a href=\"http:\/\/www.rzpitrybarzowice.fc.pl\/?page_id=651\">Mi\u0119dzynarodowy Dzie\u0144 Rencist\u00f3w i Emeryt\u00f3w 14.05.2016<\/a><\/li>\n<li><a href=\"http:\/\/www.rzpitrybarzowice.fc.pl\/?page_id=559\">Zakopane &#8211; wiosna 2016<\/a><\/li>\n<li><a href=\"http:\/\/www.rzpitrybarzowice.fc.pl\/?page_id=614\">Aquapark w Le\u015bnej<\/a><\/li>\n<li><a href=\"http:\/\/www.rzpitrybarzowice.fc.pl\/?page_id=472\">Znaki Mi\u0142osierdzia<\/a><\/li>\n<li><a href=\"http:\/\/www.rzpitrybarzowice.fc.pl\/?page_id=457\">Kol\u0119dowanie w przedszkolu<\/a><\/li>\n<li><a href=\"http:\/\/www.rzpitrybarzowice.fc.pl\/?page_id=515\">Kol\u0119da 2015\/2016<\/a><\/li>\n<li><a href=\"http:\/\/www.rzpitrybarzowice.fc.pl\/?page_id=295\">50-cio lecie dzia\u0142alno\u015bci RZPiT Rybarzowice<\/a><\/li>\n<li><a href=\"http:\/\/www.rzpitrybarzowice.fc.pl\/?page_id=99\">Kol\u0119da 2014\/2015 w Ko\u015bciele Parafialnym Matki Bo\u017cej Pocieszenia w Rybarzowicach<\/a><\/li>\n<li><a href=\"http:\/\/www.rzpitrybarzowice.fc.pl\/?page_id=115\">49 Tydzie\u0144 Kultury Beskidzkiej w Wi\u015ble (2012r.)<\/a><\/li>\n<li><a href=\"http:\/\/www.rzpitrybarzowice.fc.pl\/?page_id=170\">45-cio lecie dzia\u0142alno\u015bci RZPit Rybarzowice<\/a><\/li>\n<\/ul>\n","protected":false},"excerpt":{"rendered":"<p>Galeria zdj\u0119\u0107 zespo\u0142u podczas r\u00f3\u017cnych wydarze\u0144. Zapraszamy do ogl\u0105dania! Wi\u0119cej aktualnych zdj\u0119\u0107 znajduje si\u0119 na Facebooku. \u015awiatowe Dni M\u0142odzie\u017cy w Rybarzowicach 23.07.2016 Spotkania Folklorystyczne Bestwina 28.05.2016 Bo\u017ce Cia\u0142o 26.05.2016 Mi\u0119dzynarodowy Dzie\u0144 Rencist\u00f3w i Emeryt\u00f3w 14.05.2016 Zakopane &#8211; wiosna 2016 Aquapark w Le\u015bnej Znaki Mi\u0142osierdzia Kol\u0119dowanie w przedszkolu Kol\u0119da 2015\/2016 50-cio lecie dzia\u0142alno\u015bci RZPiT Rybarzowice Kol\u0119da &hellip; <a href=\"https:\/\/www.rzpitrybarzowice.fc.pl\/?page_id=96\" class=\"more-link\">Czytaj dalej <span class=\"screen-reader-text\">Galeria<\/span> <span class=\"meta-nav\">&rarr;<\/span><\/a><\/p>\n","protected":false},"author":1,"featured_media":0,"parent":0,"menu_order":0,"comment_status":"closed","ping_status":"closed","template":"","meta":{"footnotes":""},"class_list":["post-96","page","type-page","status-publish","hentry"],"_links":{"self":[{"href":"https:\/\/www.rzpitrybarzowice.fc.pl\/index.php?rest_route=\/wp\/v2\/pages\/96","targetHints":{"allow":["GET"]}}],"collection":[{"href":"https:\/\/www.rzpitrybarzowice.fc.pl\/index.php?rest_route=\/wp\/v2\/pages"}],"about":[{"href":"https:\/\/www.rzpitrybarzowice.fc.pl\/index.php?rest_route=\/wp\/v2\/types\/page"}],"author":[{"embeddable":true,"href":"https:\/\/www.rzpitrybarzowice.fc.pl\/index.php?rest_route=\/wp\/v2\/users\/1"}],"replies":[{"embeddable":true,"href":"https:\/\/www.rzpitrybarzowice.fc.pl\/index.php?rest_route=%2Fwp%2Fv2%2Fcomments&post=96"}],"version-history":[{"count":25,"href":"https:\/\/www.rzpitrybarzowice.fc.pl\/index.php?rest_route=\/wp\/v2\/pages\/96\/revisions"}],"predecessor-version":[{"id":968,"href":"https:\/\/www.rzpitrybarzowice.fc.pl\/index.php?rest_route=\/wp\/v2\/pages\/96\/revisions\/968"}],"wp:attachment":[{"href":"https:\/\/www.rzpitrybarzowice.fc.pl\/index.php?rest_route=%2Fwp%2Fv2%2Fmedia&parent=96"}],"curies":[{"name":"wp","href":"https:\/\/api.w.org\/{rel}","templated":true}]}}