{"id":770,"date":"2016-08-08T21:15:11","date_gmt":"2016-08-08T20:15:11","guid":{"rendered":"http:\/\/www.rzpitrybarzowice.fc.pl\/?page_id=770"},"modified":"2016-08-08T21:15:11","modified_gmt":"2016-08-08T20:15:11","slug":"swiatowe-dni-mlodziezy-w-rybarzowicach","status":"publish","type":"page","link":"https:\/\/www.rzpitrybarzowice.fc.pl\/?page_id=770","title":{"rendered":"\u015awiatowe Dni M\u0142odzie\u017cy w Rybarzowicach"},"content":{"rendered":"<div id='gallery-1' class='gallery galleryid-770 gallery-columns-4 gallery-size-thumbnail'><figure class='gallery-item'>\n\t\t\t<div class='gallery-icon landscape'>\n\t\t\t\t<a href='https:\/\/www.rzpitrybarzowice.fc.pl\/wp-content\/uploads\/2016\/08\/DSC05950.jpg' rel=\"lightbox[770]\"><img loading=\"lazy\" decoding=\"async\" width=\"150\" height=\"150\" src=\"https:\/\/www.rzpitrybarzowice.fc.pl\/wp-content\/uploads\/2016\/08\/DSC05950-150x150.jpg\" class=\"attachment-thumbnail size-thumbnail\" alt=\"\" \/><\/a>\n\t\t\t<\/div><\/figure><figure class='gallery-item'>\n\t\t\t<div class='gallery-icon landscape'>\n\t\t\t\t<a href='https:\/\/www.rzpitrybarzowice.fc.pl\/wp-content\/uploads\/2016\/08\/DSC05951.jpg' rel=\"lightbox[770]\"><img loading=\"lazy\" decoding=\"async\" width=\"150\" height=\"150\" src=\"https:\/\/www.rzpitrybarzowice.fc.pl\/wp-content\/uploads\/2016\/08\/DSC05951-150x150.jpg\" class=\"attachment-thumbnail size-thumbnail\" alt=\"\" \/><\/a>\n\t\t\t<\/div><\/figure><figure class='gallery-item'>\n\t\t\t<div class='gallery-icon landscape'>\n\t\t\t\t<a href='https:\/\/www.rzpitrybarzowice.fc.pl\/wp-content\/uploads\/2016\/08\/DSC05952.jpg' rel=\"lightbox[770]\"><img loading=\"lazy\" decoding=\"async\" width=\"150\" height=\"150\" src=\"https:\/\/www.rzpitrybarzowice.fc.pl\/wp-content\/uploads\/2016\/08\/DSC05952-150x150.jpg\" class=\"attachment-thumbnail size-thumbnail\" alt=\"\" \/><\/a>\n\t\t\t<\/div><\/figure><figure class='gallery-item'>\n\t\t\t<div class='gallery-icon landscape'>\n\t\t\t\t<a href='https:\/\/www.rzpitrybarzowice.fc.pl\/wp-content\/uploads\/2016\/08\/DSC05953.jpg' rel=\"lightbox[770]\"><img loading=\"lazy\" decoding=\"async\" width=\"150\" height=\"150\" src=\"https:\/\/www.rzpitrybarzowice.fc.pl\/wp-content\/uploads\/2016\/08\/DSC05953-150x150.jpg\" class=\"attachment-thumbnail size-thumbnail\" alt=\"\" \/><\/a>\n\t\t\t<\/div><\/figure><figure class='gallery-item'>\n\t\t\t<div class='gallery-icon landscape'>\n\t\t\t\t<a href='https:\/\/www.rzpitrybarzowice.fc.pl\/wp-content\/uploads\/2016\/08\/DSC05954.jpg' rel=\"lightbox[770]\"><img loading=\"lazy\" decoding=\"async\" width=\"150\" height=\"150\" src=\"https:\/\/www.rzpitrybarzowice.fc.pl\/wp-content\/uploads\/2016\/08\/DSC05954-150x150.jpg\" class=\"attachment-thumbnail size-thumbnail\" alt=\"\" \/><\/a>\n\t\t\t<\/div><\/figure><figure class='gallery-item'>\n\t\t\t<div class='gallery-icon landscape'>\n\t\t\t\t<a href='https:\/\/www.rzpitrybarzowice.fc.pl\/wp-content\/uploads\/2016\/08\/DSC05956.jpg' rel=\"lightbox[770]\"><img loading=\"lazy\" decoding=\"async\" width=\"150\" height=\"150\" src=\"https:\/\/www.rzpitrybarzowice.fc.pl\/wp-content\/uploads\/2016\/08\/DSC05956-150x150.jpg\" class=\"attachment-thumbnail size-thumbnail\" alt=\"\" \/><\/a>\n\t\t\t<\/div><\/figure><figure class='gallery-item'>\n\t\t\t<div class='gallery-icon landscape'>\n\t\t\t\t<a href='https:\/\/www.rzpitrybarzowice.fc.pl\/wp-content\/uploads\/2016\/08\/DSC05957.jpg' rel=\"lightbox[770]\"><img loading=\"lazy\" decoding=\"async\" width=\"150\" height=\"150\" src=\"https:\/\/www.rzpitrybarzowice.fc.pl\/wp-content\/uploads\/2016\/08\/DSC05957-150x150.jpg\" class=\"attachment-thumbnail size-thumbnail\" alt=\"\" \/><\/a>\n\t\t\t<\/div><\/figure><figure class='gallery-item'>\n\t\t\t<div class='gallery-icon landscape'>\n\t\t\t\t<a href='https:\/\/www.rzpitrybarzowice.fc.pl\/wp-content\/uploads\/2016\/08\/DSC05958.jpg' rel=\"lightbox[770]\"><img loading=\"lazy\" decoding=\"async\" width=\"150\" height=\"150\" src=\"https:\/\/www.rzpitrybarzowice.fc.pl\/wp-content\/uploads\/2016\/08\/DSC05958-150x150.jpg\" class=\"attachment-thumbnail size-thumbnail\" alt=\"\" \/><\/a>\n\t\t\t<\/div><\/figure><figure class='gallery-item'>\n\t\t\t<div class='gallery-icon landscape'>\n\t\t\t\t<a href='https:\/\/www.rzpitrybarzowice.fc.pl\/wp-content\/uploads\/2016\/08\/DSC05959.jpg' rel=\"lightbox[770]\"><img loading=\"lazy\" decoding=\"async\" width=\"150\" height=\"150\" src=\"https:\/\/www.rzpitrybarzowice.fc.pl\/wp-content\/uploads\/2016\/08\/DSC05959-150x150.jpg\" class=\"attachment-thumbnail size-thumbnail\" alt=\"\" \/><\/a>\n\t\t\t<\/div><\/figure><figure class='gallery-item'>\n\t\t\t<div class='gallery-icon landscape'>\n\t\t\t\t<a href='https:\/\/www.rzpitrybarzowice.fc.pl\/wp-content\/uploads\/2016\/08\/DSC05961.jpg' rel=\"lightbox[770]\"><img loading=\"lazy\" decoding=\"async\" width=\"150\" height=\"150\" src=\"https:\/\/www.rzpitrybarzowice.fc.pl\/wp-content\/uploads\/2016\/08\/DSC05961-150x150.jpg\" class=\"attachment-thumbnail size-thumbnail\" alt=\"\" \/><\/a>\n\t\t\t<\/div><\/figure><figure class='gallery-item'>\n\t\t\t<div class='gallery-icon landscape'>\n\t\t\t\t<a href='https:\/\/www.rzpitrybarzowice.fc.pl\/wp-content\/uploads\/2016\/08\/DSC05967.jpg' rel=\"lightbox[770]\"><img loading=\"lazy\" decoding=\"async\" width=\"150\" height=\"150\" src=\"https:\/\/www.rzpitrybarzowice.fc.pl\/wp-content\/uploads\/2016\/08\/DSC05967-150x150.jpg\" class=\"attachment-thumbnail size-thumbnail\" alt=\"\" \/><\/a>\n\t\t\t<\/div><\/figure><figure class='gallery-item'>\n\t\t\t<div class='gallery-icon landscape'>\n\t\t\t\t<a href='https:\/\/www.rzpitrybarzowice.fc.pl\/wp-content\/uploads\/2016\/08\/DSC05968.jpg' rel=\"lightbox[770]\"><img loading=\"lazy\" decoding=\"async\" width=\"150\" height=\"150\" src=\"https:\/\/www.rzpitrybarzowice.fc.pl\/wp-content\/uploads\/2016\/08\/DSC05968-150x150.jpg\" class=\"attachment-thumbnail size-thumbnail\" alt=\"\" \/><\/a>\n\t\t\t<\/div><\/figure><figure class='gallery-item'>\n\t\t\t<div class='gallery-icon landscape'>\n\t\t\t\t<a href='https:\/\/www.rzpitrybarzowice.fc.pl\/wp-content\/uploads\/2016\/08\/DSC05971.jpg' rel=\"lightbox[770]\"><img loading=\"lazy\" decoding=\"async\" width=\"150\" height=\"150\" src=\"https:\/\/www.rzpitrybarzowice.fc.pl\/wp-content\/uploads\/2016\/08\/DSC05971-150x150.jpg\" class=\"attachment-thumbnail size-thumbnail\" alt=\"\" \/><\/a>\n\t\t\t<\/div><\/figure><figure class='gallery-item'>\n\t\t\t<div class='gallery-icon landscape'>\n\t\t\t\t<a href='https:\/\/www.rzpitrybarzowice.fc.pl\/wp-content\/uploads\/2016\/08\/DSC05974.jpg' rel=\"lightbox[770]\"><img loading=\"lazy\" decoding=\"async\" width=\"150\" height=\"150\" src=\"https:\/\/www.rzpitrybarzowice.fc.pl\/wp-content\/uploads\/2016\/08\/DSC05974-150x150.jpg\" class=\"attachment-thumbnail size-thumbnail\" alt=\"\" \/><\/a>\n\t\t\t<\/div><\/figure><figure class='gallery-item'>\n\t\t\t<div class='gallery-icon landscape'>\n\t\t\t\t<a href='https:\/\/www.rzpitrybarzowice.fc.pl\/wp-content\/uploads\/2016\/08\/DSC05976.jpg' rel=\"lightbox[770]\"><img loading=\"lazy\" decoding=\"async\" width=\"150\" height=\"150\" src=\"https:\/\/www.rzpitrybarzowice.fc.pl\/wp-content\/uploads\/2016\/08\/DSC05976-150x150.jpg\" class=\"attachment-thumbnail size-thumbnail\" alt=\"\" \/><\/a>\n\t\t\t<\/div><\/figure><figure class='gallery-item'>\n\t\t\t<div class='gallery-icon portrait'>\n\t\t\t\t<a href='https:\/\/www.rzpitrybarzowice.fc.pl\/wp-content\/uploads\/2016\/08\/DSC05977.jpg' rel=\"lightbox[770]\"><img loading=\"lazy\" decoding=\"async\" width=\"150\" height=\"150\" src=\"https:\/\/www.rzpitrybarzowice.fc.pl\/wp-content\/uploads\/2016\/08\/DSC05977-150x150.jpg\" class=\"attachment-thumbnail size-thumbnail\" alt=\"\" \/><\/a>\n\t\t\t<\/div><\/figure><figure class='gallery-item'>\n\t\t\t<div class='gallery-icon portrait'>\n\t\t\t\t<a href='https:\/\/www.rzpitrybarzowice.fc.pl\/wp-content\/uploads\/2016\/08\/DSC05978.jpg' rel=\"lightbox[770]\"><img loading=\"lazy\" decoding=\"async\" width=\"150\" height=\"150\" src=\"https:\/\/www.rzpitrybarzowice.fc.pl\/wp-content\/uploads\/2016\/08\/DSC05978-150x150.jpg\" class=\"attachment-thumbnail size-thumbnail\" alt=\"\" \/><\/a>\n\t\t\t<\/div><\/figure><figure class='gallery-item'>\n\t\t\t<div class='gallery-icon landscape'>\n\t\t\t\t<a href='https:\/\/www.rzpitrybarzowice.fc.pl\/wp-content\/uploads\/2016\/08\/DSC05980.jpg' rel=\"lightbox[770]\"><img loading=\"lazy\" decoding=\"async\" width=\"150\" height=\"150\" src=\"https:\/\/www.rzpitrybarzowice.fc.pl\/wp-content\/uploads\/2016\/08\/DSC05980-150x150.jpg\" class=\"attachment-thumbnail size-thumbnail\" alt=\"\" \/><\/a>\n\t\t\t<\/div><\/figure><figure class='gallery-item'>\n\t\t\t<div class='gallery-icon landscape'>\n\t\t\t\t<a href='https:\/\/www.rzpitrybarzowice.fc.pl\/wp-content\/uploads\/2016\/08\/DSC05981.jpg' rel=\"lightbox[770]\"><img loading=\"lazy\" decoding=\"async\" width=\"150\" height=\"150\" src=\"https:\/\/www.rzpitrybarzowice.fc.pl\/wp-content\/uploads\/2016\/08\/DSC05981-150x150.jpg\" class=\"attachment-thumbnail size-thumbnail\" alt=\"\" \/><\/a>\n\t\t\t<\/div><\/figure><figure class='gallery-item'>\n\t\t\t<div class='gallery-icon landscape'>\n\t\t\t\t<a href='https:\/\/www.rzpitrybarzowice.fc.pl\/wp-content\/uploads\/2016\/08\/DSC05982.jpg' rel=\"lightbox[770]\"><img loading=\"lazy\" decoding=\"async\" width=\"150\" height=\"150\" src=\"https:\/\/www.rzpitrybarzowice.fc.pl\/wp-content\/uploads\/2016\/08\/DSC05982-150x150.jpg\" class=\"attachment-thumbnail size-thumbnail\" alt=\"\" \/><\/a>\n\t\t\t<\/div><\/figure><figure class='gallery-item'>\n\t\t\t<div class='gallery-icon landscape'>\n\t\t\t\t<a href='https:\/\/www.rzpitrybarzowice.fc.pl\/wp-content\/uploads\/2016\/08\/DSC05983.jpg' rel=\"lightbox[770]\"><img loading=\"lazy\" decoding=\"async\" width=\"150\" height=\"150\" src=\"https:\/\/www.rzpitrybarzowice.fc.pl\/wp-content\/uploads\/2016\/08\/DSC05983-150x150.jpg\" class=\"attachment-thumbnail size-thumbnail\" alt=\"\" \/><\/a>\n\t\t\t<\/div><\/figure><figure class='gallery-item'>\n\t\t\t<div class='gallery-icon landscape'>\n\t\t\t\t<a href='https:\/\/www.rzpitrybarzowice.fc.pl\/wp-content\/uploads\/2016\/08\/DSC05984.jpg' rel=\"lightbox[770]\"><img loading=\"lazy\" decoding=\"async\" width=\"150\" height=\"150\" src=\"https:\/\/www.rzpitrybarzowice.fc.pl\/wp-content\/uploads\/2016\/08\/DSC05984-150x150.jpg\" class=\"attachment-thumbnail size-thumbnail\" alt=\"\" \/><\/a>\n\t\t\t<\/div><\/figure><figure class='gallery-item'>\n\t\t\t<div class='gallery-icon landscape'>\n\t\t\t\t<a href='https:\/\/www.rzpitrybarzowice.fc.pl\/wp-content\/uploads\/2016\/08\/DSC05985.jpg' rel=\"lightbox[770]\"><img loading=\"lazy\" decoding=\"async\" width=\"150\" height=\"150\" src=\"https:\/\/www.rzpitrybarzowice.fc.pl\/wp-content\/uploads\/2016\/08\/DSC05985-150x150.jpg\" class=\"attachment-thumbnail size-thumbnail\" alt=\"\" \/><\/a>\n\t\t\t<\/div><\/figure><figure class='gallery-item'>\n\t\t\t<div class='gallery-icon landscape'>\n\t\t\t\t<a href='https:\/\/www.rzpitrybarzowice.fc.pl\/wp-content\/uploads\/2016\/08\/DSC05987.jpg' rel=\"lightbox[770]\"><img loading=\"lazy\" decoding=\"async\" width=\"150\" height=\"150\" src=\"https:\/\/www.rzpitrybarzowice.fc.pl\/wp-content\/uploads\/2016\/08\/DSC05987-150x150.jpg\" class=\"attachment-thumbnail size-thumbnail\" alt=\"\" \/><\/a>\n\t\t\t<\/div><\/figure><figure class='gallery-item'>\n\t\t\t<div class='gallery-icon landscape'>\n\t\t\t\t<a href='https:\/\/www.rzpitrybarzowice.fc.pl\/wp-content\/uploads\/2016\/08\/DSC05988.jpg' rel=\"lightbox[770]\"><img loading=\"lazy\" decoding=\"async\" width=\"150\" height=\"150\" src=\"https:\/\/www.rzpitrybarzowice.fc.pl\/wp-content\/uploads\/2016\/08\/DSC05988-150x150.jpg\" class=\"attachment-thumbnail size-thumbnail\" alt=\"\" \/><\/a>\n\t\t\t<\/div><\/figure><figure class='gallery-item'>\n\t\t\t<div class='gallery-icon landscape'>\n\t\t\t\t<a href='https:\/\/www.rzpitrybarzowice.fc.pl\/wp-content\/uploads\/2016\/08\/DSC05990.jpg' rel=\"lightbox[770]\"><img loading=\"lazy\" decoding=\"async\" width=\"150\" height=\"150\" src=\"https:\/\/www.rzpitrybarzowice.fc.pl\/wp-content\/uploads\/2016\/08\/DSC05990-150x150.jpg\" class=\"attachment-thumbnail size-thumbnail\" alt=\"\" \/><\/a>\n\t\t\t<\/div><\/figure><figure class='gallery-item'>\n\t\t\t<div class='gallery-icon landscape'>\n\t\t\t\t<a href='https:\/\/www.rzpitrybarzowice.fc.pl\/wp-content\/uploads\/2016\/08\/DSC05993.jpg' rel=\"lightbox[770]\"><img loading=\"lazy\" decoding=\"async\" width=\"150\" height=\"150\" src=\"https:\/\/www.rzpitrybarzowice.fc.pl\/wp-content\/uploads\/2016\/08\/DSC05993-150x150.jpg\" class=\"attachment-thumbnail size-thumbnail\" alt=\"\" \/><\/a>\n\t\t\t<\/div><\/figure><figure class='gallery-item'>\n\t\t\t<div class='gallery-icon landscape'>\n\t\t\t\t<a href='https:\/\/www.rzpitrybarzowice.fc.pl\/wp-content\/uploads\/2016\/08\/DSC05994.jpg' rel=\"lightbox[770]\"><img loading=\"lazy\" decoding=\"async\" width=\"150\" height=\"150\" src=\"https:\/\/www.rzpitrybarzowice.fc.pl\/wp-content\/uploads\/2016\/08\/DSC05994-150x150.jpg\" class=\"attachment-thumbnail size-thumbnail\" alt=\"\" \/><\/a>\n\t\t\t<\/div><\/figure><figure class='gallery-item'>\n\t\t\t<div class='gallery-icon landscape'>\n\t\t\t\t<a href='https:\/\/www.rzpitrybarzowice.fc.pl\/wp-content\/uploads\/2016\/08\/DSC05995.jpg' rel=\"lightbox[770]\"><img loading=\"lazy\" decoding=\"async\" width=\"150\" height=\"150\" src=\"https:\/\/www.rzpitrybarzowice.fc.pl\/wp-content\/uploads\/2016\/08\/DSC05995-150x150.jpg\" class=\"attachment-thumbnail size-thumbnail\" alt=\"\" \/><\/a>\n\t\t\t<\/div><\/figure><figure class='gallery-item'>\n\t\t\t<div class='gallery-icon landscape'>\n\t\t\t\t<a href='https:\/\/www.rzpitrybarzowice.fc.pl\/wp-content\/uploads\/2016\/08\/DSC05996.jpg' rel=\"lightbox[770]\"><img loading=\"lazy\" decoding=\"async\" width=\"150\" height=\"150\" src=\"https:\/\/www.rzpitrybarzowice.fc.pl\/wp-content\/uploads\/2016\/08\/DSC05996-150x150.jpg\" class=\"attachment-thumbnail size-thumbnail\" alt=\"\" \/><\/a>\n\t\t\t<\/div><\/figure><figure class='gallery-item'>\n\t\t\t<div class='gallery-icon landscape'>\n\t\t\t\t<a href='https:\/\/www.rzpitrybarzowice.fc.pl\/wp-content\/uploads\/2016\/08\/DSC05999.jpg' rel=\"lightbox[770]\"><img loading=\"lazy\" decoding=\"async\" width=\"150\" height=\"150\" src=\"https:\/\/www.rzpitrybarzowice.fc.pl\/wp-content\/uploads\/2016\/08\/DSC05999-150x150.jpg\" class=\"attachment-thumbnail size-thumbnail\" alt=\"\" \/><\/a>\n\t\t\t<\/div><\/figure><figure class='gallery-item'>\n\t\t\t<div class='gallery-icon landscape'>\n\t\t\t\t<a href='https:\/\/www.rzpitrybarzowice.fc.pl\/wp-content\/uploads\/2016\/08\/DSC06000.jpg' rel=\"lightbox[770]\"><img loading=\"lazy\" decoding=\"async\" width=\"150\" height=\"150\" src=\"https:\/\/www.rzpitrybarzowice.fc.pl\/wp-content\/uploads\/2016\/08\/DSC06000-150x150.jpg\" class=\"attachment-thumbnail size-thumbnail\" alt=\"\" \/><\/a>\n\t\t\t<\/div><\/figure><figure class='gallery-item'>\n\t\t\t<div class='gallery-icon landscape'>\n\t\t\t\t<a href='https:\/\/www.rzpitrybarzowice.fc.pl\/wp-content\/uploads\/2016\/08\/DSC06003.jpg' rel=\"lightbox[770]\"><img loading=\"lazy\" decoding=\"async\" width=\"150\" height=\"150\" src=\"https:\/\/www.rzpitrybarzowice.fc.pl\/wp-content\/uploads\/2016\/08\/DSC06003-150x150.jpg\" class=\"attachment-thumbnail size-thumbnail\" alt=\"\" \/><\/a>\n\t\t\t<\/div><\/figure><figure class='gallery-item'>\n\t\t\t<div class='gallery-icon portrait'>\n\t\t\t\t<a href='https:\/\/www.rzpitrybarzowice.fc.pl\/wp-content\/uploads\/2016\/08\/DSC06007.jpg' rel=\"lightbox[770]\"><img loading=\"lazy\" decoding=\"async\" width=\"150\" height=\"150\" src=\"https:\/\/www.rzpitrybarzowice.fc.pl\/wp-content\/uploads\/2016\/08\/DSC06007-150x150.jpg\" class=\"attachment-thumbnail size-thumbnail\" alt=\"\" \/><\/a>\n\t\t\t<\/div><\/figure><figure class='gallery-item'>\n\t\t\t<div class='gallery-icon landscape'>\n\t\t\t\t<a href='https:\/\/www.rzpitrybarzowice.fc.pl\/wp-content\/uploads\/2016\/08\/DSC06012.jpg' rel=\"lightbox[770]\"><img loading=\"lazy\" decoding=\"async\" width=\"150\" height=\"150\" src=\"https:\/\/www.rzpitrybarzowice.fc.pl\/wp-content\/uploads\/2016\/08\/DSC06012-150x150.jpg\" class=\"attachment-thumbnail size-thumbnail\" alt=\"\" \/><\/a>\n\t\t\t<\/div><\/figure><figure class='gallery-item'>\n\t\t\t<div class='gallery-icon landscape'>\n\t\t\t\t<a href='https:\/\/www.rzpitrybarzowice.fc.pl\/wp-content\/uploads\/2016\/08\/DSC06013.jpg' rel=\"lightbox[770]\"><img loading=\"lazy\" decoding=\"async\" width=\"150\" height=\"150\" src=\"https:\/\/www.rzpitrybarzowice.fc.pl\/wp-content\/uploads\/2016\/08\/DSC06013-150x150.jpg\" class=\"attachment-thumbnail size-thumbnail\" alt=\"\" \/><\/a>\n\t\t\t<\/div><\/figure><figure class='gallery-item'>\n\t\t\t<div class='gallery-icon landscape'>\n\t\t\t\t<a href='https:\/\/www.rzpitrybarzowice.fc.pl\/wp-content\/uploads\/2016\/08\/DSC06017.jpg' rel=\"lightbox[770]\"><img loading=\"lazy\" decoding=\"async\" width=\"150\" height=\"150\" src=\"https:\/\/www.rzpitrybarzowice.fc.pl\/wp-content\/uploads\/2016\/08\/DSC06017-150x150.jpg\" class=\"attachment-thumbnail size-thumbnail\" alt=\"\" \/><\/a>\n\t\t\t<\/div><\/figure><figure class='gallery-item'>\n\t\t\t<div class='gallery-icon landscape'>\n\t\t\t\t<a href='https:\/\/www.rzpitrybarzowice.fc.pl\/wp-content\/uploads\/2016\/08\/DSC06019.jpg' rel=\"lightbox[770]\"><img loading=\"lazy\" decoding=\"async\" width=\"150\" height=\"150\" src=\"https:\/\/www.rzpitrybarzowice.fc.pl\/wp-content\/uploads\/2016\/08\/DSC06019-150x150.jpg\" class=\"attachment-thumbnail size-thumbnail\" alt=\"\" \/><\/a>\n\t\t\t<\/div><\/figure><figure class='gallery-item'>\n\t\t\t<div class='gallery-icon landscape'>\n\t\t\t\t<a href='https:\/\/www.rzpitrybarzowice.fc.pl\/wp-content\/uploads\/2016\/08\/DSC06022.jpg' rel=\"lightbox[770]\"><img loading=\"lazy\" decoding=\"async\" width=\"150\" height=\"150\" src=\"https:\/\/www.rzpitrybarzowice.fc.pl\/wp-content\/uploads\/2016\/08\/DSC06022-150x150.jpg\" class=\"attachment-thumbnail size-thumbnail\" alt=\"\" \/><\/a>\n\t\t\t<\/div><\/figure><figure class='gallery-item'>\n\t\t\t<div class='gallery-icon landscape'>\n\t\t\t\t<a href='https:\/\/www.rzpitrybarzowice.fc.pl\/wp-content\/uploads\/2016\/08\/DSC06026.jpg' rel=\"lightbox[770]\"><img loading=\"lazy\" decoding=\"async\" width=\"150\" height=\"150\" src=\"https:\/\/www.rzpitrybarzowice.fc.pl\/wp-content\/uploads\/2016\/08\/DSC06026-150x150.jpg\" class=\"attachment-thumbnail size-thumbnail\" alt=\"\" \/><\/a>\n\t\t\t<\/div><\/figure><figure class='gallery-item'>\n\t\t\t<div class='gallery-icon landscape'>\n\t\t\t\t<a href='https:\/\/www.rzpitrybarzowice.fc.pl\/wp-content\/uploads\/2016\/08\/DSC06027.jpg' rel=\"lightbox[770]\"><img loading=\"lazy\" decoding=\"async\" width=\"150\" height=\"150\" src=\"https:\/\/www.rzpitrybarzowice.fc.pl\/wp-content\/uploads\/2016\/08\/DSC06027-150x150.jpg\" class=\"attachment-thumbnail size-thumbnail\" alt=\"\" \/><\/a>\n\t\t\t<\/div><\/figure><figure class='gallery-item'>\n\t\t\t<div class='gallery-icon landscape'>\n\t\t\t\t<a href='https:\/\/www.rzpitrybarzowice.fc.pl\/wp-content\/uploads\/2016\/08\/DSC06029.jpg' rel=\"lightbox[770]\"><img loading=\"lazy\" decoding=\"async\" width=\"150\" height=\"150\" src=\"https:\/\/www.rzpitrybarzowice.fc.pl\/wp-content\/uploads\/2016\/08\/DSC06029-150x150.jpg\" class=\"attachment-thumbnail size-thumbnail\" alt=\"\" \/><\/a>\n\t\t\t<\/div><\/figure><figure class='gallery-item'>\n\t\t\t<div class='gallery-icon landscape'>\n\t\t\t\t<a href='https:\/\/www.rzpitrybarzowice.fc.pl\/wp-content\/uploads\/2016\/08\/DSC06031.jpg' rel=\"lightbox[770]\"><img loading=\"lazy\" decoding=\"async\" width=\"150\" height=\"150\" src=\"https:\/\/www.rzpitrybarzowice.fc.pl\/wp-content\/uploads\/2016\/08\/DSC06031-150x150.jpg\" class=\"attachment-thumbnail size-thumbnail\" alt=\"\" \/><\/a>\n\t\t\t<\/div><\/figure><figure class='gallery-item'>\n\t\t\t<div class='gallery-icon landscape'>\n\t\t\t\t<a href='https:\/\/www.rzpitrybarzowice.fc.pl\/wp-content\/uploads\/2016\/08\/DSC06034.jpg' rel=\"lightbox[770]\"><img loading=\"lazy\" decoding=\"async\" width=\"150\" height=\"150\" src=\"https:\/\/www.rzpitrybarzowice.fc.pl\/wp-content\/uploads\/2016\/08\/DSC06034-150x150.jpg\" class=\"attachment-thumbnail size-thumbnail\" alt=\"\" \/><\/a>\n\t\t\t<\/div><\/figure><figure class='gallery-item'>\n\t\t\t<div class='gallery-icon landscape'>\n\t\t\t\t<a href='https:\/\/www.rzpitrybarzowice.fc.pl\/wp-content\/uploads\/2016\/08\/DSC06036.jpg' rel=\"lightbox[770]\"><img loading=\"lazy\" decoding=\"async\" width=\"150\" height=\"150\" src=\"https:\/\/www.rzpitrybarzowice.fc.pl\/wp-content\/uploads\/2016\/08\/DSC06036-150x150.jpg\" class=\"attachment-thumbnail size-thumbnail\" alt=\"\" \/><\/a>\n\t\t\t<\/div><\/figure><figure class='gallery-item'>\n\t\t\t<div class='gallery-icon landscape'>\n\t\t\t\t<a href='https:\/\/www.rzpitrybarzowice.fc.pl\/wp-content\/uploads\/2016\/08\/DSC06037.jpg' rel=\"lightbox[770]\"><img loading=\"lazy\" decoding=\"async\" width=\"150\" height=\"150\" src=\"https:\/\/www.rzpitrybarzowice.fc.pl\/wp-content\/uploads\/2016\/08\/DSC06037-150x150.jpg\" class=\"attachment-thumbnail size-thumbnail\" alt=\"\" \/><\/a>\n\t\t\t<\/div><\/figure><figure class='gallery-item'>\n\t\t\t<div class='gallery-icon landscape'>\n\t\t\t\t<a href='https:\/\/www.rzpitrybarzowice.fc.pl\/wp-content\/uploads\/2016\/08\/DSC06042.jpg' rel=\"lightbox[770]\"><img loading=\"lazy\" decoding=\"async\" width=\"150\" height=\"150\" src=\"https:\/\/www.rzpitrybarzowice.fc.pl\/wp-content\/uploads\/2016\/08\/DSC06042-150x150.jpg\" class=\"attachment-thumbnail size-thumbnail\" alt=\"\" \/><\/a>\n\t\t\t<\/div><\/figure><figure class='gallery-item'>\n\t\t\t<div class='gallery-icon landscape'>\n\t\t\t\t<a href='https:\/\/www.rzpitrybarzowice.fc.pl\/wp-content\/uploads\/2016\/08\/DSC06047.jpg' rel=\"lightbox[770]\"><img loading=\"lazy\" decoding=\"async\" width=\"150\" height=\"150\" src=\"https:\/\/www.rzpitrybarzowice.fc.pl\/wp-content\/uploads\/2016\/08\/DSC06047-150x150.jpg\" class=\"attachment-thumbnail size-thumbnail\" alt=\"\" \/><\/a>\n\t\t\t<\/div><\/figure><figure class='gallery-item'>\n\t\t\t<div class='gallery-icon landscape'>\n\t\t\t\t<a href='https:\/\/www.rzpitrybarzowice.fc.pl\/wp-content\/uploads\/2016\/08\/DSC06049.jpg' rel=\"lightbox[770]\"><img loading=\"lazy\" decoding=\"async\" width=\"150\" height=\"150\" src=\"https:\/\/www.rzpitrybarzowice.fc.pl\/wp-content\/uploads\/2016\/08\/DSC06049-150x150.jpg\" class=\"attachment-thumbnail size-thumbnail\" alt=\"\" \/><\/a>\n\t\t\t<\/div><\/figure><figure class='gallery-item'>\n\t\t\t<div class='gallery-icon landscape'>\n\t\t\t\t<a href='https:\/\/www.rzpitrybarzowice.fc.pl\/wp-content\/uploads\/2016\/08\/DSC06057.jpg' rel=\"lightbox[770]\"><img loading=\"lazy\" decoding=\"async\" width=\"150\" height=\"150\" src=\"https:\/\/www.rzpitrybarzowice.fc.pl\/wp-content\/uploads\/2016\/08\/DSC06057-150x150.jpg\" class=\"attachment-thumbnail size-thumbnail\" alt=\"\" \/><\/a>\n\t\t\t<\/div><\/figure><figure class='gallery-item'>\n\t\t\t<div class='gallery-icon landscape'>\n\t\t\t\t<a href='https:\/\/www.rzpitrybarzowice.fc.pl\/wp-content\/uploads\/2016\/08\/DSC06065.jpg' rel=\"lightbox[770]\"><img loading=\"lazy\" decoding=\"async\" width=\"150\" height=\"150\" src=\"https:\/\/www.rzpitrybarzowice.fc.pl\/wp-content\/uploads\/2016\/08\/DSC06065-150x150.jpg\" class=\"attachment-thumbnail size-thumbnail\" alt=\"\" \/><\/a>\n\t\t\t<\/div><\/figure><figure class='gallery-item'>\n\t\t\t<div class='gallery-icon landscape'>\n\t\t\t\t<a href='https:\/\/www.rzpitrybarzowice.fc.pl\/wp-content\/uploads\/2016\/08\/DSCF6079.jpg' rel=\"lightbox[770]\"><img loading=\"lazy\" decoding=\"async\" width=\"150\" height=\"150\" src=\"https:\/\/www.rzpitrybarzowice.fc.pl\/wp-content\/uploads\/2016\/08\/DSCF6079-150x150.jpg\" class=\"attachment-thumbnail size-thumbnail\" alt=\"\" \/><\/a>\n\t\t\t<\/div><\/figure>\n\t\t<\/div>\n\n","protected":false},"excerpt":{"rendered":"","protected":false},"author":1,"featured_media":0,"parent":96,"menu_order":0,"comment_status":"closed","ping_status":"closed","template":"","meta":{"footnotes":""},"class_list":["post-770","page","type-page","status-publish","hentry"],"_links":{"self":[{"href":"https:\/\/www.rzpitrybarzowice.fc.pl\/index.php?rest_route=\/wp\/v2\/pages\/770","targetHints":{"allow":["GET"]}}],"collection":[{"href":"https:\/\/www.rzpitrybarzowice.fc.pl\/index.php?rest_route=\/wp\/v2\/pages"}],"about":[{"href":"https:\/\/www.rzpitrybarzowice.fc.pl\/index.php?rest_route=\/wp\/v2\/types\/page"}],"author":[{"embeddable":true,"href":"https:\/\/www.rzpitrybarzowice.fc.pl\/index.php?rest_route=\/wp\/v2\/users\/1"}],"replies":[{"embeddable":true,"href":"https:\/\/www.rzpitrybarzowice.fc.pl\/index.php?rest_route=%2Fwp%2Fv2%2Fcomments&post=770"}],"version-history":[{"count":1,"href":"https:\/\/www.rzpitrybarzowice.fc.pl\/index.php?rest_route=\/wp\/v2\/pages\/770\/revisions"}],"predecessor-version":[{"id":771,"href":"https:\/\/www.rzpitrybarzowice.fc.pl\/index.php?rest_route=\/wp\/v2\/pages\/770\/revisions\/771"}],"up":[{"embeddable":true,"href":"https:\/\/www.rzpitrybarzowice.fc.pl\/index.php?rest_route=\/wp\/v2\/pages\/96"}],"wp:attachment":[{"href":"https:\/\/www.rzpitrybarzowice.fc.pl\/index.php?rest_route=%2Fwp%2Fv2%2Fmedia&parent=770"}],"curies":[{"name":"wp","href":"https:\/\/api.w.org\/{rel}","templated":true}]}}