{"id":35,"date":"2016-01-21T20:50:41","date_gmt":"2016-01-21T19:50:41","guid":{"rendered":"http:\/\/www.rzpitrybarzowice.fc.pl\/?page_id=35"},"modified":"2022-07-06T11:42:13","modified_gmt":"2022-07-06T10:42:13","slug":"gdzie-leza-rybarzowice","status":"publish","type":"page","link":"https:\/\/www.rzpitrybarzowice.fc.pl\/?page_id=35","title":{"rendered":"Gdzie le\u017c\u0105 Rybarzowice ?"},"content":{"rendered":"\n<p>Odpowied\u017a na to nurtuj\u0105ce pytanie znajduje si\u0119 na przedstawionej poni\u017cej mapie. Dok\u0142adne po\u0142o\u017cenie podbeskidzkiej wsi Rybarzowice.<\/p>\n\n\n\n<p><iframe loading=\"lazy\" src=\"https:\/\/www.google.pl\/maps\/d\/embed?mid=1_IDAVe0jmBafC4LdLwitrJ9Ysmg&amp;ehbc=2E312F\" width=\"640\" height=\"480\"><\/iframe><\/p>\n","protected":false},"excerpt":{"rendered":"<p>Odpowied\u017a na to nurtuj\u0105ce pytanie znajduje si\u0119 na przedstawionej poni\u017cej mapie. Dok\u0142adne po\u0142o\u017cenie podbeskidzkiej wsi Rybarzowice.<\/p>\n","protected":false},"author":1,"featured_media":0,"parent":0,"menu_order":0,"comment_status":"closed","ping_status":"closed","template":"","meta":{"footnotes":""},"class_list":["post-35","page","type-page","status-publish","hentry"],"_links":{"self":[{"href":"https:\/\/www.rzpitrybarzowice.fc.pl\/index.php?rest_route=\/wp\/v2\/pages\/35","targetHints":{"allow":["GET"]}}],"collection":[{"href":"https:\/\/www.rzpitrybarzowice.fc.pl\/index.php?rest_route=\/wp\/v2\/pages"}],"about":[{"href":"https:\/\/www.rzpitrybarzowice.fc.pl\/index.php?rest_route=\/wp\/v2\/types\/page"}],"author":[{"embeddable":true,"href":"https:\/\/www.rzpitrybarzowice.fc.pl\/index.php?rest_route=\/wp\/v2\/users\/1"}],"replies":[{"embeddable":true,"href":"https:\/\/www.rzpitrybarzowice.fc.pl\/index.php?rest_route=%2Fwp%2Fv2%2Fcomments&post=35"}],"version-history":[{"count":3,"href":"https:\/\/www.rzpitrybarzowice.fc.pl\/index.php?rest_route=\/wp\/v2\/pages\/35\/revisions"}],"predecessor-version":[{"id":1027,"href":"https:\/\/www.rzpitrybarzowice.fc.pl\/index.php?rest_route=\/wp\/v2\/pages\/35\/revisions\/1027"}],"wp:attachment":[{"href":"https:\/\/www.rzpitrybarzowice.fc.pl\/index.php?rest_route=%2Fwp%2Fv2%2Fmedia&parent=35"}],"curies":[{"name":"wp","href":"https:\/\/api.w.org\/{rel}","templated":true}]}}