{"id":17,"date":"2016-01-20T14:59:02","date_gmt":"2016-01-20T14:59:02","guid":{"rendered":"http:\/\/www.rzpitrybarzowice.fc.pl\/?page_id=17"},"modified":"2017-02-02T19:13:04","modified_gmt":"2017-02-02T18:13:04","slug":"motto","status":"publish","type":"page","link":"https:\/\/www.rzpitrybarzowice.fc.pl\/","title":{"rendered":"MOTTO:"},"content":{"rendered":"<table>\n<tbody>\n<tr>\n<td>\n<p style=\"text-align: center;\"><strong>\u201eGdzie us\u0142yszysz \u015bpiew, tam wst\u0105p,<\/strong><\/p>\n<p style=\"text-align: center;\"><strong>Tam dobre serca maj\u0105.<\/strong><\/p>\n<p style=\"text-align: center;\"><strong>\u0179li ludzie, wierzaj mi,<\/strong><\/p>\n<p style=\"text-align: center;\"><strong>Ci nigdy nie \u015bpiewaj\u0105\u201d<\/strong><\/p>\n<p style=\"text-align: right;\"><strong>J.W.Goethe \u00a0 <\/strong><\/p>\n<\/td>\n<td><a href=\"http:\/\/www.rzpitrybarzowice.fc.pl\/\" rel=\"attachment wp-att-29\"><img loading=\"lazy\" decoding=\"async\" class=\"size-medium wp-image-29 aligncenter\" src=\"http:\/\/www.rzpitrybarzowice.fc.pl\/wp-content\/uploads\/2016\/01\/logo2-300x300.png\" alt=\"RZPiT LOGO\" width=\"300\" height=\"300\" srcset=\"https:\/\/www.rzpitrybarzowice.fc.pl\/wp-content\/uploads\/2016\/01\/logo2-300x300.png 300w, https:\/\/www.rzpitrybarzowice.fc.pl\/wp-content\/uploads\/2016\/01\/logo2-150x150.png 150w, https:\/\/www.rzpitrybarzowice.fc.pl\/wp-content\/uploads\/2016\/01\/logo2.png 709w\" sizes=\"auto, (max-width: 300px) 100vw, 300px\" \/><\/a><\/td>\n<\/tr>\n<\/tbody>\n<\/table>\n","protected":false},"excerpt":{"rendered":"<p>\u201eGdzie us\u0142yszysz \u015bpiew, tam wst\u0105p, Tam dobre serca maj\u0105. \u0179li ludzie, wierzaj mi, Ci nigdy nie \u015bpiewaj\u0105\u201d J.W.Goethe \u00a0<\/p>\n","protected":false},"author":1,"featured_media":0,"parent":0,"menu_order":0,"comment_status":"closed","ping_status":"closed","template":"","meta":{"footnotes":""},"class_list":["post-17","page","type-page","status-publish","hentry"],"_links":{"self":[{"href":"https:\/\/www.rzpitrybarzowice.fc.pl\/index.php?rest_route=\/wp\/v2\/pages\/17","targetHints":{"allow":["GET"]}}],"collection":[{"href":"https:\/\/www.rzpitrybarzowice.fc.pl\/index.php?rest_route=\/wp\/v2\/pages"}],"about":[{"href":"https:\/\/www.rzpitrybarzowice.fc.pl\/index.php?rest_route=\/wp\/v2\/types\/page"}],"author":[{"embeddable":true,"href":"https:\/\/www.rzpitrybarzowice.fc.pl\/index.php?rest_route=\/wp\/v2\/users\/1"}],"replies":[{"embeddable":true,"href":"https:\/\/www.rzpitrybarzowice.fc.pl\/index.php?rest_route=%2Fwp%2Fv2%2Fcomments&post=17"}],"version-history":[{"count":9,"href":"https:\/\/www.rzpitrybarzowice.fc.pl\/index.php?rest_route=\/wp\/v2\/pages\/17\/revisions"}],"predecessor-version":[{"id":1028,"href":"https:\/\/www.rzpitrybarzowice.fc.pl\/index.php?rest_route=\/wp\/v2\/pages\/17\/revisions\/1028"}],"wp:attachment":[{"href":"https:\/\/www.rzpitrybarzowice.fc.pl\/index.php?rest_route=%2Fwp%2Fv2%2Fmedia&parent=17"}],"curies":[{"name":"wp","href":"https:\/\/api.w.org\/{rel}","templated":true}]}}